{"id":9,"date":"2026-01-25T14:27:51","date_gmt":"2026-01-25T14:27:51","guid":{"rendered":"https:\/\/websites12345.online\/nordnet\/?page_id=9"},"modified":"2026-02-02T01:18:02","modified_gmt":"2026-02-02T01:18:02","slug":"home","status":"publish","type":"page","link":"https:\/\/websites12345.online\/nordnet\/","title":{"rendered":"Home"},"content":{"rendered":"\t\t<div data-elementor-type=\"wp-page\" data-elementor-id=\"9\" class=\"elementor elementor-9\" data-elementor-post-type=\"page\">\n\t\t\t\t<div class=\"elementor-element elementor-element-af7e823 e-flex e-con-boxed e-con e-parent\" data-id=\"af7e823\" data-element_type=\"container\" data-settings=\"{&quot;background_background&quot;:&quot;classic&quot;}\">\n\t\t\t\t\t<div class=\"e-con-inner\">\n\t\t<div class=\"elementor-element elementor-element-df94131 e-con-full elementor-hidden-tablet elementor-hidden-mobile e-flex e-con e-child\" data-id=\"df94131\" data-element_type=\"container\">\n\t\t<div class=\"elementor-element elementor-element-aa28155 e-con-full e-flex e-con e-child\" data-id=\"aa28155\" data-element_type=\"container\">\n\t\t\t\t<div class=\"elementor-element elementor-element-0463f9e elementor-widget elementor-widget-image\" data-id=\"0463f9e\" data-element_type=\"widget\" data-widget_type=\"image.default\">\n\t\t\t\t\t\t\t\t\t\t\t\t\t\t\t<img fetchpriority=\"high\" decoding=\"async\" width=\"830\" height=\"67\" src=\"https:\/\/websites12345.online\/nordnet\/wp-content\/uploads\/2026\/02\/NORDNET-SKISS-1.png\" class=\"attachment-full size-full wp-image-422\" alt=\"\" srcset=\"https:\/\/websites12345.online\/nordnet\/wp-content\/uploads\/2026\/02\/NORDNET-SKISS-1.png 830w, https:\/\/websites12345.online\/nordnet\/wp-content\/uploads\/2026\/02\/NORDNET-SKISS-1-300x24.png 300w, https:\/\/websites12345.online\/nordnet\/wp-content\/uploads\/2026\/02\/NORDNET-SKISS-1-768x62.png 768w\" sizes=\"(max-width: 830px) 100vw, 830px\" \/>\t\t\t\t\t\t\t\t\t\t\t\t\t\t\t<\/div>\n\t\t\t\t<\/div>\n\t\t\t\t<\/div>\n\t\t<div class=\"elementor-element elementor-element-41cfb87 e-con-full elementor-hidden-tablet elementor-hidden-mobile e-flex e-con e-child\" data-id=\"41cfb87\" data-element_type=\"container\">\n\t\t\t\t<div class=\"elementor-element elementor-element-ad681f4 elementor-widget elementor-widget-ekit-nav-menu\" data-id=\"ad681f4\" data-element_type=\"widget\" data-widget_type=\"ekit-nav-menu.default\">\n\t\t\t\t<div class=\"elementor-widget-container\">\n\t\t\t\t\t\t\t<nav class=\"ekit-wid-con ekit_menu_responsive_mobile\" \n\t\t\tdata-hamburger-icon=\"\" \n\t\t\tdata-hamburger-icon-type=\"icon\" \n\t\t\tdata-responsive-breakpoint=\"767\">\n\t\t\t            <button class=\"elementskit-menu-hamburger elementskit-menu-toggler\"  type=\"button\" aria-label=\"hamburger-icon\">\n                                    <span class=\"elementskit-menu-hamburger-icon\"><\/span><span class=\"elementskit-menu-hamburger-icon\"><\/span><span class=\"elementskit-menu-hamburger-icon\"><\/span>\n                            <\/button>\n            <div id=\"ekit-megamenu-menu\" class=\"elementskit-menu-container elementskit-menu-offcanvas-elements elementskit-navbar-nav-default ekit-nav-menu-one-page-no ekit-nav-dropdown-hover\"><ul id=\"menu-menu\" class=\"elementskit-navbar-nav elementskit-menu-po-center submenu-click-on-icon\"><li id=\"menu-item-127\" class=\"menu-item menu-item-type-custom menu-item-object-custom menu-item-127 nav-item elementskit-mobile-builder-content\" data-vertical-menu=750px><a href=\"#\" class=\"ekit-menu-nav-link menu-link\">UNDERSIDA<\/a><\/li>\n<li id=\"menu-item-128\" class=\"menu-item menu-item-type-custom menu-item-object-custom menu-item-128 nav-item elementskit-mobile-builder-content\" data-vertical-menu=750px><a href=\"#\" class=\"ekit-menu-nav-link menu-link\">UNDERSIDA<\/a><\/li>\n<li id=\"menu-item-129\" class=\"menu-item menu-item-type-custom menu-item-object-custom menu-item-129 nav-item elementskit-mobile-builder-content\" data-vertical-menu=750px><a href=\"#\" class=\"ekit-menu-nav-link menu-link\">UNDERSIDA<\/a><\/li>\n<\/ul><div class=\"elementskit-nav-identity-panel\"><button class=\"elementskit-menu-close elementskit-menu-toggler\" type=\"button\">X<\/button><\/div><\/div>\t\t\t\n\t\t\t<div class=\"elementskit-menu-overlay elementskit-menu-offcanvas-elements elementskit-menu-toggler ekit-nav-menu--overlay\"><\/div>        <\/nav>\n\t\t\t\t\t\t<\/div>\n\t\t\t\t<\/div>\n\t\t\t\t<\/div>\n\t\t<div class=\"elementor-element elementor-element-024e150 e-con-full e-flex e-con e-child\" data-id=\"024e150\" data-element_type=\"container\">\n\t\t<div class=\"elementor-element elementor-element-520f97e e-con-full elementor-hidden-tablet elementor-hidden-mobile e-flex e-con e-child\" data-id=\"520f97e\" data-element_type=\"container\">\n\t\t\t\t<div class=\"elementor-element elementor-element-e3a5366 elementor-widget elementor-widget-image\" data-id=\"e3a5366\" data-element_type=\"widget\" data-widget_type=\"image.default\">\n\t\t\t\t\t\t\t\t\t\t\t\t\t\t\t<img decoding=\"async\" width=\"73\" height=\"48\" src=\"https:\/\/websites12345.online\/nordnet\/wp-content\/uploads\/2026\/02\/sweden_flag_correct.png\" class=\"attachment-full size-full wp-image-426\" alt=\"\" \/>\t\t\t\t\t\t\t\t\t\t\t\t\t\t\t<\/div>\n\t\t\t\t<\/div>\n\t\t<div class=\"elementor-element elementor-element-85e41cc e-con-full elementor-hidden-mobile e-flex e-con e-child\" data-id=\"85e41cc\" data-element_type=\"container\">\n\t\t\t\t<\/div>\n\t\t<div class=\"elementor-element elementor-element-c162eab e-con-full elementor-hidden-tablet elementor-hidden-mobile e-flex e-con e-child\" data-id=\"c162eab\" data-element_type=\"container\">\n\t\t\t\t<div class=\"elementor-element elementor-element-03a5121 elementor-widget elementor-widget-image\" data-id=\"03a5121\" data-element_type=\"widget\" data-widget_type=\"image.default\">\n\t\t\t\t\t\t\t\t\t\t\t\t\t\t\t<img decoding=\"async\" width=\"73\" height=\"46\" src=\"https:\/\/websites12345.online\/nordnet\/wp-content\/uploads\/2026\/02\/uk_flag_correct.png\" class=\"attachment-full size-full wp-image-427\" alt=\"\" \/>\t\t\t\t\t\t\t\t\t\t\t\t\t\t\t<\/div>\n\t\t\t\t<\/div>\n\t\t\t\t<\/div>\n\t\t\t\t\t<\/div>\n\t\t\t\t<\/div>\n\t\t<div class=\"elementor-element elementor-element-c2614f5 elementor-hidden-desktop e-flex e-con-boxed e-con e-parent\" data-id=\"c2614f5\" data-element_type=\"container\">\n\t\t\t\t\t<div class=\"e-con-inner\">\n\t\t<div class=\"elementor-element elementor-element-e8922d0 e-con-full e-flex e-con e-child\" data-id=\"e8922d0\" data-element_type=\"container\">\n\t\t\t\t<div class=\"elementor-element elementor-element-d42c3eb elementor-widget elementor-widget-image\" data-id=\"d42c3eb\" data-element_type=\"widget\" data-widget_type=\"image.default\">\n\t\t\t\t\t\t\t\t\t\t\t\t\t\t\t<img fetchpriority=\"high\" decoding=\"async\" width=\"830\" height=\"67\" src=\"https:\/\/websites12345.online\/nordnet\/wp-content\/uploads\/2026\/02\/NORDNET-SKISS-1.png\" class=\"attachment-full size-full wp-image-422\" alt=\"\" srcset=\"https:\/\/websites12345.online\/nordnet\/wp-content\/uploads\/2026\/02\/NORDNET-SKISS-1.png 830w, https:\/\/websites12345.online\/nordnet\/wp-content\/uploads\/2026\/02\/NORDNET-SKISS-1-300x24.png 300w, https:\/\/websites12345.online\/nordnet\/wp-content\/uploads\/2026\/02\/NORDNET-SKISS-1-768x62.png 768w\" sizes=\"(max-width: 830px) 100vw, 830px\" \/>\t\t\t\t\t\t\t\t\t\t\t\t\t\t\t<\/div>\n\t\t\t\t<\/div>\n\t\t<div class=\"elementor-element elementor-element-0e16989 e-con-full e-flex e-con e-child\" data-id=\"0e16989\" data-element_type=\"container\">\n\t\t\t\t<div class=\"elementor-element elementor-element-d5266a4 elementor-widget elementor-widget-ekit-nav-menu\" data-id=\"d5266a4\" data-element_type=\"widget\" data-widget_type=\"ekit-nav-menu.default\">\n\t\t\t\t<div class=\"elementor-widget-container\">\n\t\t\t\t\t\t\t<nav class=\"ekit-wid-con ekit_menu_responsive_mobile\" \n\t\t\tdata-hamburger-icon=\"\" \n\t\t\tdata-hamburger-icon-type=\"icon\" \n\t\t\tdata-responsive-breakpoint=\"767\">\n\t\t\t            <button class=\"elementskit-menu-hamburger elementskit-menu-toggler\"  type=\"button\" aria-label=\"hamburger-icon\">\n                                    <span class=\"elementskit-menu-hamburger-icon\"><\/span><span class=\"elementskit-menu-hamburger-icon\"><\/span><span class=\"elementskit-menu-hamburger-icon\"><\/span>\n                            <\/button>\n            <div id=\"ekit-megamenu-menu\" class=\"elementskit-menu-container elementskit-menu-offcanvas-elements elementskit-navbar-nav-default ekit-nav-menu-one-page-no ekit-nav-dropdown-hover\"><ul id=\"menu-menu-1\" class=\"elementskit-navbar-nav elementskit-menu-po-center submenu-click-on-icon\"><li class=\"menu-item menu-item-type-custom menu-item-object-custom menu-item-127 nav-item elementskit-mobile-builder-content\" data-vertical-menu=750px><a href=\"#\" class=\"ekit-menu-nav-link menu-link\">UNDERSIDA<\/a><\/li>\n<li class=\"menu-item menu-item-type-custom menu-item-object-custom menu-item-128 nav-item elementskit-mobile-builder-content\" data-vertical-menu=750px><a href=\"#\" class=\"ekit-menu-nav-link menu-link\">UNDERSIDA<\/a><\/li>\n<li class=\"menu-item menu-item-type-custom menu-item-object-custom menu-item-129 nav-item elementskit-mobile-builder-content\" data-vertical-menu=750px><a href=\"#\" class=\"ekit-menu-nav-link menu-link\">UNDERSIDA<\/a><\/li>\n<\/ul><div class=\"elementskit-nav-identity-panel\"><a class=\"elementskit-nav-logo\" href=\"https:\/\/websites12345.online\/nordnet\" target=\"\" rel=\"\"><img src=\"https:\/\/websites12345.online\/nordnet\/wp-content\/uploads\/2026\/02\/NORDNET-SKISS-e1769909592375.png\" title=\"NORDNET-SKISS\" alt=\"NORDNET-SKISS\" decoding=\"async\" \/><\/a><button class=\"elementskit-menu-close elementskit-menu-toggler\" type=\"button\">X<\/button><\/div><\/div>\t\t\t\n\t\t\t<div class=\"elementskit-menu-overlay elementskit-menu-offcanvas-elements elementskit-menu-toggler ekit-nav-menu--overlay\"><\/div>        <\/nav>\n\t\t\t\t\t\t<\/div>\n\t\t\t\t<\/div>\n\t\t\t\t<\/div>\n\t\t\t\t\t<\/div>\n\t\t\t\t<\/div>\n\t\t<div class=\"elementor-element elementor-element-fc2cae9 e-flex e-con-boxed elementor-invisible e-con e-parent\" data-id=\"fc2cae9\" data-element_type=\"container\" data-settings=\"{&quot;background_background&quot;:&quot;classic&quot;,&quot;animation&quot;:&quot;fadeIn&quot;}\">\n\t\t\t\t\t<div class=\"e-con-inner\">\n\t\t<div class=\"elementor-element elementor-element-4078f3c e-con-full e-flex e-con e-child\" data-id=\"4078f3c\" data-element_type=\"container\">\n\t\t<div class=\"elementor-element elementor-element-0de25be e-con-full e-flex elementor-invisible e-con e-child\" data-id=\"0de25be\" data-element_type=\"container\" data-settings=\"{&quot;animation&quot;:&quot;fadeInLeft&quot;}\">\n\t\t\t\t<div class=\"elementor-element elementor-element-ef72cfb elementor-widget elementor-widget-image\" data-id=\"ef72cfb\" data-element_type=\"widget\" data-widget_type=\"image.default\">\n\t\t\t\t\t\t\t\t\t\t\t\t\t\t\t<img loading=\"lazy\" decoding=\"async\" width=\"205\" height=\"38\" src=\"https:\/\/websites12345.online\/nordnet\/wp-content\/uploads\/2026\/01\/image.png\" class=\"attachment-full size-full wp-image-25\" alt=\"\" \/>\t\t\t\t\t\t\t\t\t\t\t\t\t\t\t<\/div>\n\t\t\t\t<div class=\"elementor-element elementor-element-33e4bd8 elementor-widget elementor-widget-heading\" data-id=\"33e4bd8\" data-element_type=\"widget\" data-widget_type=\"heading.default\">\n\t\t\t\t\t<h1 class=\"elementor-heading-title elementor-size-default\">V\u00e5r aff\u00e4rsid\u00e9  \n<\/h1>\t\t\t\t<\/div>\n\t\t\t\t<div class=\"elementor-element elementor-element-1d24ad4 elementor-widget elementor-widget-heading\" data-id=\"1d24ad4\" data-element_type=\"widget\" data-widget_type=\"heading.default\">\n\t\t\t\t\t<h1 class=\"elementor-heading-title elementor-size-default\">Att identifiera veckans starkaste k\u00f6psignal p\u00e5 Nasdaq Stockholm\n\n\n\n<\/h1>\t\t\t\t<\/div>\n\t\t\t\t<div class=\"elementor-element elementor-element-9aaa3d6 elementor-widget elementor-widget-spacer\" data-id=\"9aaa3d6\" data-element_type=\"widget\" data-widget_type=\"spacer.default\">\n\t\t\t\t\t\t\t<div class=\"elementor-spacer\">\n\t\t\t<div class=\"elementor-spacer-inner\"><\/div>\n\t\t<\/div>\n\t\t\t\t\t\t<\/div>\n\t\t\t\t<div class=\"elementor-element elementor-element-0b80690 elementor-widget elementor-widget-heading\" data-id=\"0b80690\" data-element_type=\"widget\" data-widget_type=\"heading.default\">\n\t\t\t\t\t<h1 class=\"elementor-heading-title elementor-size-default\">V\u00e5rt m\u00e5l   \n\n<\/h1>\t\t\t\t<\/div>\n\t\t\t\t<div class=\"elementor-element elementor-element-c27bfe9 elementor-widget elementor-widget-heading\" data-id=\"c27bfe9\" data-element_type=\"widget\" data-widget_type=\"heading.default\">\n\t\t\t\t\t<h1 class=\"elementor-heading-title elementor-size-default\">Att tj\u00e4na +4% snabbare \u00e4n n\u00e5gon annan per aktieaff\u00e4r \u00f6ver tid\n<\/h1>\t\t\t\t<\/div>\n\t\t\t\t<div class=\"elementor-element elementor-element-3afea39 elementor-widget elementor-widget-spacer\" data-id=\"3afea39\" data-element_type=\"widget\" data-widget_type=\"spacer.default\">\n\t\t\t\t\t\t\t<div class=\"elementor-spacer\">\n\t\t\t<div class=\"elementor-spacer-inner\"><\/div>\n\t\t<\/div>\n\t\t\t\t\t\t<\/div>\n\t\t\t\t<div class=\"elementor-element elementor-element-75417b3 elementor-icon-list--layout-traditional elementor-list-item-link-full_width elementor-widget elementor-widget-icon-list\" data-id=\"75417b3\" data-element_type=\"widget\" data-widget_type=\"icon-list.default\">\n\t\t\t\t\t\t\t<ul class=\"elementor-icon-list-items\">\n\t\t\t\t\t\t\t<li class=\"elementor-icon-list-item\">\n\t\t\t\t\t\t\t\t\t\t\t<span class=\"elementor-icon-list-icon\">\n\t\t\t\t\t\t\t<svg aria-hidden=\"true\" class=\"e-font-icon-svg e-fas-star\" viewBox=\"0 0 576 512\" xmlns=\"http:\/\/www.w3.org\/2000\/svg\"><path d=\"M259.3 17.8L194 150.2 47.9 171.5c-26.2 3.8-36.7 36.1-17.7 54.6l105.7 103-25 145.5c-4.5 26.3 23.2 46 46.4 33.7L288 439.6l130.7 68.7c23.2 12.2 50.9-7.4 46.4-33.7l-25-145.5 105.7-103c19-18.5 8.5-50.8-17.7-54.6L382 150.2 316.7 17.8c-11.7-23.6-45.6-23.9-57.4 0z\"><\/path><\/svg>\t\t\t\t\t\t<\/span>\n\t\t\t\t\t\t\t\t\t\t<span class=\"elementor-icon-list-text\">VECKANS K\u00d6PSIGNAL P\u00c5 TORSDAGAR<\/span>\n\t\t\t\t\t\t\t\t\t<\/li>\n\t\t\t\t\t\t<\/ul>\n\t\t\t\t\t\t<\/div>\n\t\t\t\t<div class=\"elementor-element elementor-element-91c0075 elementor-widget elementor-widget-heading\" data-id=\"91c0075\" data-element_type=\"widget\" data-widget_type=\"heading.default\">\n\t\t\t\t\t<h1 class=\"elementor-heading-title elementor-size-default\">Tusentals f\u00f6ljare p\u00e5 sociala medier: \n\n\n\n<\/h1>\t\t\t\t<\/div>\n\t\t\t\t<div class=\"elementor-element elementor-element-95710ef elementor-widget elementor-widget-heading\" data-id=\"95710ef\" data-element_type=\"widget\" data-widget_type=\"heading.default\">\n\t\t\t\t\t<h1 class=\"elementor-heading-title elementor-size-default\">\nTwitter <span style=\"color:#0095CA\">(X)<\/span> @NasdaqWealth\n\n\n\n<\/h1>\t\t\t\t<\/div>\n\t\t\t\t<\/div>\n\t\t<div class=\"elementor-element elementor-element-c46bd95 e-con-full e-flex elementor-invisible e-con e-child\" data-id=\"c46bd95\" data-element_type=\"container\" data-settings=\"{&quot;animation&quot;:&quot;fadeInRight&quot;}\">\n\t\t<div class=\"elementor-element elementor-element-c138c69 e-con-full e-flex e-con e-child\" data-id=\"c138c69\" data-element_type=\"container\">\n\t\t<div class=\"elementor-element elementor-element-ac8c15b e-con-full elementor-hidden-mobile e-flex e-con e-child\" data-id=\"ac8c15b\" data-element_type=\"container\">\n\t\t\t\t<div class=\"elementor-element elementor-element-79f4279 elementor-widget elementor-widget-image\" data-id=\"79f4279\" data-element_type=\"widget\" data-widget_type=\"image.default\">\n\t\t\t\t\t\t\t\t\t\t\t\t\t\t\t<img loading=\"lazy\" decoding=\"async\" width=\"634\" height=\"186\" src=\"https:\/\/websites12345.online\/nordnet\/wp-content\/uploads\/2026\/02\/NORDNET-SKISS-2-e1769910038117.png\" class=\"attachment-full size-full wp-image-475\" alt=\"\" srcset=\"https:\/\/websites12345.online\/nordnet\/wp-content\/uploads\/2026\/02\/NORDNET-SKISS-2-e1769910038117.png 634w, https:\/\/websites12345.online\/nordnet\/wp-content\/uploads\/2026\/02\/NORDNET-SKISS-2-e1769910038117-300x88.png 300w\" sizes=\"(max-width: 634px) 100vw, 634px\" \/>\t\t\t\t\t\t\t\t\t\t\t\t\t\t\t<\/div>\n\t\t\t\t<\/div>\n\t\t\t\t<\/div>\n\t\t\t\t<\/div>\n\t\t\t\t<\/div>\n\t\t\t\t\t<\/div>\n\t\t\t\t<\/div>\n\t\t<div class=\"elementor-element elementor-element-cbbe709 e-con-full elementor-hidden-desktop elementor-hidden-tablet e-flex e-con e-parent\" data-id=\"cbbe709\" data-element_type=\"container\">\n\t\t\t\t<div class=\"elementor-element elementor-element-1ce915a elementor-widget elementor-widget-image\" data-id=\"1ce915a\" data-element_type=\"widget\" data-widget_type=\"image.default\">\n\t\t\t\t\t\t\t\t\t\t\t\t\t\t\t<img loading=\"lazy\" decoding=\"async\" width=\"634\" height=\"186\" src=\"https:\/\/websites12345.online\/nordnet\/wp-content\/uploads\/2026\/02\/NORDNET-SKISS-2-e1769910038117.png\" class=\"attachment-full size-full wp-image-475\" alt=\"\" srcset=\"https:\/\/websites12345.online\/nordnet\/wp-content\/uploads\/2026\/02\/NORDNET-SKISS-2-e1769910038117.png 634w, https:\/\/websites12345.online\/nordnet\/wp-content\/uploads\/2026\/02\/NORDNET-SKISS-2-e1769910038117-300x88.png 300w\" sizes=\"(max-width: 634px) 100vw, 634px\" \/>\t\t\t\t\t\t\t\t\t\t\t\t\t\t\t<\/div>\n\t\t\t\t<\/div>\n\t\t\t\t<\/div>\n\t\t","protected":false},"excerpt":{"rendered":"<p>UNDERSIDA UNDERSIDA UNDERSIDA X UNDERSIDA UNDERSIDA UNDERSIDA X V\u00e5r aff\u00e4rsid\u00e9 Att identifiera veckans starkaste k\u00f6psignal p\u00e5 Nasdaq Stockholm V\u00e5rt m\u00e5l [&hellip;]<\/p>\n","protected":false},"author":1,"featured_media":0,"parent":0,"menu_order":0,"comment_status":"closed","ping_status":"closed","template":"elementor_canvas","meta":{"site-sidebar-layout":"no-sidebar","site-content-layout":"","ast-site-content-layout":"full-width-container","site-content-style":"default","site-sidebar-style":"default","ast-global-header-display":"","ast-banner-title-visibility":"","ast-main-header-display":"","ast-hfb-above-header-display":"","ast-hfb-below-header-display":"","ast-hfb-mobile-header-display":"","site-post-title":"","ast-breadcrumbs-content":"","ast-featured-img":"disabled","footer-sml-layout":"","ast-disable-related-posts":"","theme-transparent-header-meta":"","adv-header-id-meta":"","stick-header-meta":"","header-above-stick-meta":"","header-main-stick-meta":"","header-below-stick-meta":"","astra-migrate-meta-layouts":"default","ast-page-background-enabled":"default","ast-page-background-meta":{"desktop":{"background-color":"var(--ast-global-color-5)","background-image":"","background-repeat":"repeat","background-position":"center center","background-size":"auto","background-attachment":"scroll","background-type":"","background-media":"","overlay-type":"","overlay-color":"","overlay-opacity":"","overlay-gradient":""},"tablet":{"background-color":"","background-image":"","background-repeat":"repeat","background-position":"center center","background-size":"auto","background-attachment":"scroll","background-type":"","background-media":"","overlay-type":"","overlay-color":"","overlay-opacity":"","overlay-gradient":""},"mobile":{"background-color":"","background-image":"","background-repeat":"repeat","background-position":"center center","background-size":"auto","background-attachment":"scroll","background-type":"","background-media":"","overlay-type":"","overlay-color":"","overlay-opacity":"","overlay-gradient":""}},"ast-content-background-meta":{"desktop":{"background-color":"var(--ast-global-color-4)","background-image":"","background-repeat":"repeat","background-position":"center center","background-size":"auto","background-attachment":"scroll","background-type":"","background-media":"","overlay-type":"","overlay-color":"","overlay-opacity":"","overlay-gradient":""},"tablet":{"background-color":"var(--ast-global-color-4)","background-image":"","background-repeat":"repeat","background-position":"center center","background-size":"auto","background-attachment":"scroll","background-type":"","background-media":"","overlay-type":"","overlay-color":"","overlay-opacity":"","overlay-gradient":""},"mobile":{"background-color":"var(--ast-global-color-4)","background-image":"","background-repeat":"repeat","background-position":"center center","background-size":"auto","background-attachment":"scroll","background-type":"","background-media":"","overlay-type":"","overlay-color":"","overlay-opacity":"","overlay-gradient":""}},"footnotes":""},"class_list":["post-9","page","type-page","status-publish","hentry"],"_links":{"self":[{"href":"https:\/\/websites12345.online\/nordnet\/wp-json\/wp\/v2\/pages\/9","targetHints":{"allow":["GET"]}}],"collection":[{"href":"https:\/\/websites12345.online\/nordnet\/wp-json\/wp\/v2\/pages"}],"about":[{"href":"https:\/\/websites12345.online\/nordnet\/wp-json\/wp\/v2\/types\/page"}],"author":[{"embeddable":true,"href":"https:\/\/websites12345.online\/nordnet\/wp-json\/wp\/v2\/users\/1"}],"replies":[{"embeddable":true,"href":"https:\/\/websites12345.online\/nordnet\/wp-json\/wp\/v2\/comments?post=9"}],"version-history":[{"count":436,"href":"https:\/\/websites12345.online\/nordnet\/wp-json\/wp\/v2\/pages\/9\/revisions"}],"predecessor-version":[{"id":548,"href":"https:\/\/websites12345.online\/nordnet\/wp-json\/wp\/v2\/pages\/9\/revisions\/548"}],"wp:attachment":[{"href":"https:\/\/websites12345.online\/nordnet\/wp-json\/wp\/v2\/media?parent=9"}],"curies":[{"name":"wp","href":"https:\/\/api.w.org\/{rel}","templated":true}]}}